{"id":924,"date":"2020-03-18T18:27:45","date_gmt":"2020-03-18T17:27:45","guid":{"rendered":"http:\/\/deterreetdici.com\/?page_id=924"},"modified":"2023-05-19T20:00:25","modified_gmt":"2023-05-19T18:00:25","slug":"mon-parcours","status":"publish","type":"page","link":"https:\/\/deterreetdici.com\/index.php\/mon-parcours\/","title":{"rendered":"Mon parcours"},"content":{"rendered":"\t\t<div data-elementor-type=\"wp-page\" data-elementor-id=\"924\" class=\"elementor elementor-924\">\n\t\t\t\t\t\t\t\t\t<section class=\"elementor-section elementor-top-section elementor-element elementor-element-06a8715 elementor-section-boxed elementor-section-height-default elementor-section-height-default\" data-id=\"06a8715\" data-element_type=\"section\">\n\t\t\t\t\t\t<div class=\"elementor-container elementor-column-gap-default\">\n\t\t\t\t\t<div class=\"elementor-column elementor-col-100 elementor-top-column elementor-element elementor-element-7157990\" data-id=\"7157990\" data-element_type=\"column\">\n\t\t\t<div class=\"elementor-widget-wrap elementor-element-populated\">\n\t\t\t\t\t\t\t\t<div class=\"elementor-element elementor-element-000fc3d elementor-widget elementor-widget-heading\" data-id=\"000fc3d\" data-element_type=\"widget\" data-widget_type=\"heading.default\">\n\t\t\t\t<div class=\"elementor-widget-container\">\n\t\t\t<h2 class=\"elementor-heading-title elementor-size-default\">Du r\u00eave de gosse \u00e0 la r\u00e9alit\u00e9...<\/h2>\t\t<\/div>\n\t\t\t\t<\/div>\n\t\t\t\t<div class=\"elementor-element elementor-element-eae03f6 elementor-widget elementor-widget-spacer\" data-id=\"eae03f6\" data-element_type=\"widget\" data-widget_type=\"spacer.default\">\n\t\t\t\t<div class=\"elementor-widget-container\">\n\t\t\t\t\t<div class=\"elementor-spacer\">\n\t\t\t<div class=\"elementor-spacer-inner\"><\/div>\n\t\t<\/div>\n\t\t\t\t<\/div>\n\t\t\t\t<\/div>\n\t\t\t\t<section class=\"elementor-section elementor-inner-section elementor-element elementor-element-f1ec3ad elementor-section-boxed elementor-section-height-default elementor-section-height-default\" data-id=\"f1ec3ad\" data-element_type=\"section\">\n\t\t\t\t\t\t<div class=\"elementor-container elementor-column-gap-default\">\n\t\t\t\t\t<div class=\"elementor-column elementor-col-50 elementor-inner-column elementor-element elementor-element-dacb905\" data-id=\"dacb905\" data-element_type=\"column\">\n\t\t\t<div class=\"elementor-widget-wrap elementor-element-populated\">\n\t\t\t\t\t\t\t\t<div class=\"elementor-element elementor-element-0e3578d elementor-widget elementor-widget-text-editor\" data-id=\"0e3578d\" data-element_type=\"widget\" data-settings=\"{&quot;_animation&quot;:&quot;none&quot;}\" data-widget_type=\"text-editor.default\">\n\t\t\t\t<div class=\"elementor-widget-container\">\n\t\t\t\t\t\t\t<p>\u00a0 \u00a0 Oui, un r\u00eave de gosse, n\u00e9 sur les bords de l\u2019Atlantique, pr\u00e8s de St Palais-sur-Mer\u2026\u00a0 \u00a0 \u00a0 \u00a0 \u00a0Un r\u00eave que j\u2019ai mis 30 ans \u00e0 r\u00e9aliser, apr\u00e8s des \u00e9tudes de droit, un travail de plusieurs ann\u00e9es dans une compagnie d\u2019assurances, et la naissance de mes 3 enfants\u2026<\/p><p>Je ne me savais pas manuelle, la terre me l\u2019a r\u00e9v\u00e9l\u00e9.\u00a0 La toucher, la fa\u00e7onner, la transformer, la d\u00e9corer, la cuire\u2026 Woaw ! Que d\u2019\u00e9motions !<br \/>J&rsquo;ai commenc\u00e9 en loisir, puis suis devenue professionnelle en 2008 apr\u00e8s une formation dans une \u00e9cole de c\u00e9ramique locale.\u00a0 A la suite de quoi j&rsquo;ai pu enfin m&rsquo;adonner \u00e0 plein temps \u00e0 ma passion dans un atelier-boutique \u00e0 Venelles, pr\u00e8s d&rsquo;Aix-en-Provence.\u00a0 \u00a0<\/p><p>Pourquoi \u00ab\u00a0de Terre et d&rsquo;ici\u00a0\u00bb ? Car\u00a0 il \u00e9tait important pour moi de revendiquer l&rsquo;authenticit\u00e9 de ce m\u00e9tier d&rsquo;art et de mes cr\u00e9ations : c&rsquo;est fait de terre, et surtout, c&rsquo;est fait ici, en Provence, en France, pas en Chine !!!\u00a0 5 ans apr\u00e8s le d\u00e9but cette aventure, je r\u00e9installai, en 2013,\u00a0 mon activit\u00e9 \u00e0 mon domicile o\u00f9 je transmets d\u00e9sormais ma passion \u00e0 mes \u00e9l\u00e8ves.<\/p><p>J&rsquo;utilise diff\u00e9rentes terres (fa\u00efence, gr\u00e8s), diff\u00e9rentes techniques (tournage, plaque, estampage), diff\u00e9rentes cuissons (\u00e9lectrique, gaz pour le raku). J&rsquo;essaie de m\u00e9langer tradition et modernit\u00e9 en ayant toujours \u00e0 l&rsquo;esprit un conseil que me donna un jour un c\u00e9ramiste, petite phrase toute simple mais si dense et qui me porte chaque jour \u00ab\u00a0Emm\u00e8ne ta pi\u00e8ce plus loin\u00a0\u00bb<span style=\"font-size: 16px;\">\u00a0<\/span><br \/>Les id\u00e9es sont in\u00e9puisables, autant que les \u00e9motions en tous genres que procure ce m\u00e9tier.\u00a0 La passion ne m&rsquo;a jamais quitt\u00e9e.\u00a0 J&#8217;emm\u00e8ne ma pi\u00e8ce plus loin&#8230;\u00a0 du moins j&rsquo;essaie,\u00a0 \u00e0 chaque cr\u00e9ation&#8230;<\/p><p>Merci \u00e0 mes enfants, mes parents, mon conjoint, qui m&rsquo;ont toujours soutenue et encourag\u00e9e.<\/p>\t\t\t\t\t\t<\/div>\n\t\t\t\t<\/div>\n\t\t\t\t\t<\/div>\n\t\t<\/div>\n\t\t\t\t<div class=\"elementor-column elementor-col-50 elementor-inner-column elementor-element elementor-element-e361b2b\" data-id=\"e361b2b\" data-element_type=\"column\">\n\t\t\t<div class=\"elementor-widget-wrap elementor-element-populated\">\n\t\t\t\t\t\t\t\t<div class=\"elementor-element elementor-element-c03050d elementor-widget elementor-widget-image-gallery\" data-id=\"c03050d\" data-element_type=\"widget\" data-widget_type=\"image-gallery.default\">\n\t\t\t\t<div class=\"elementor-widget-container\">\n\t\t\t\t\t<div class=\"elementor-image-gallery\">\n\t\t\t<div id='gallery-1' class='gallery galleryid-924 gallery-columns-1 gallery-size-medium_large'><figure class='gallery-item'>\n\t\t\t<div class='gallery-icon landscape'>\n\t\t\t\t<a data-elementor-open-lightbox=\"yes\" data-elementor-lightbox-slideshow=\"c03050d\" data-elementor-lightbox-description=\"Val\u00e9rie d&#039;Enfert. C\u00e9ramiques artisanales. Cours de poterie. Atelier de poterie &quot;de terre et d&#039;ici&quot; \u00e0 Bouc Bel air. Aix en Provence. Marseille\" data-e-action-hash=\"#elementor-action%3Aaction%3Dlightbox%26settings%3DeyJpZCI6MTkzNiwidXJsIjoiaHR0cHM6XC9cL2RldGVycmVldGRpY2kuY29tXC93cC1jb250ZW50XC91cGxvYWRzXC8yMDIwXC8wNFwvd2VibWFpbC5qcGciLCJzbGlkZXNob3ciOiJjMDMwNTBkIn0%3D\" href='https:\/\/deterreetdici.com\/wp-content\/uploads\/2020\/04\/webmail.jpg'><img loading=\"lazy\" decoding=\"async\" width=\"727\" height=\"727\" src=\"https:\/\/deterreetdici.com\/wp-content\/uploads\/2020\/04\/webmail.jpg\" class=\"attachment-medium_large size-medium_large\" alt=\"Val\u00e9rie d&#039;Enfert. C\u00e9ramiques artisanales. Cours de poterie. Atelier de poterie &quot;de terre et d&#039;ici&quot; \u00e0 Bouc Bel air. Aix en Provence. Marseille\" srcset=\"https:\/\/deterreetdici.com\/wp-content\/uploads\/2020\/04\/webmail.jpg 727w, https:\/\/deterreetdici.com\/wp-content\/uploads\/2020\/04\/webmail-300x300.jpg 300w, https:\/\/deterreetdici.com\/wp-content\/uploads\/2020\/04\/webmail-150x150.jpg 150w\" sizes=\"(max-width: 727px) 100vw, 727px\" \/><\/a>\n\t\t\t<\/div><\/figure><figure class='gallery-item'>\n\t\t\t<div class='gallery-icon landscape'>\n\t\t\t\t<a data-elementor-open-lightbox=\"yes\" data-elementor-lightbox-slideshow=\"c03050d\" data-elementor-lightbox-description=\"Val\u00e9rie d&#039;Enfert. C\u00e9ramiques artisanales. Cours de poterie. Atelier de poterie &quot;de terre et d&#039;ici&quot; \u00e0 Bouc Bel air. Aix en Provence. Marseille\" data-e-action-hash=\"#elementor-action%3Aaction%3Dlightbox%26settings%3DeyJpZCI6MTkzNSwidXJsIjoiaHR0cHM6XC9cL2RldGVycmVldGRpY2kuY29tXC93cC1jb250ZW50XC91cGxvYWRzXC8yMDIwXC8wNFwvd2VibWFpbDMuanBnIiwic2xpZGVzaG93IjoiYzAzMDUwZCJ9\" href='https:\/\/deterreetdici.com\/wp-content\/uploads\/2020\/04\/webmail3.jpg'><img loading=\"lazy\" decoding=\"async\" width=\"768\" height=\"768\" src=\"https:\/\/deterreetdici.com\/wp-content\/uploads\/2020\/04\/webmail3.jpg\" class=\"attachment-medium_large size-medium_large\" alt=\"Val\u00e9rie d&#039;Enfert. C\u00e9ramiques artisanales. Cours de poterie. Atelier de poterie &quot;de terre et d&#039;ici&quot; \u00e0 Bouc Bel air. Aix en Provence. Marseille\" srcset=\"https:\/\/deterreetdici.com\/wp-content\/uploads\/2020\/04\/webmail3.jpg 768w, https:\/\/deterreetdici.com\/wp-content\/uploads\/2020\/04\/webmail3-300x300.jpg 300w, https:\/\/deterreetdici.com\/wp-content\/uploads\/2020\/04\/webmail3-150x150.jpg 150w\" sizes=\"(max-width: 768px) 100vw, 768px\" \/><\/a>\n\t\t\t<\/div><\/figure>\n\t\t<\/div>\n\t\t<\/div>\n\t\t\t\t<\/div>\n\t\t\t\t<\/div>\n\t\t\t\t\t<\/div>\n\t\t<\/div>\n\t\t\t\t\t\t\t<\/div>\n\t\t<\/section>\n\t\t\t\t\t<\/div>\n\t\t<\/div>\n\t\t\t\t\t\t\t<\/div>\n\t\t<\/section>\n\t\t\t\t<section class=\"elementor-section elementor-top-section elementor-element elementor-element-b7121c6 elementor-section-boxed elementor-section-height-default elementor-section-height-default\" data-id=\"b7121c6\" data-element_type=\"section\">\n\t\t\t\t\t\t<div class=\"elementor-container elementor-column-gap-default\">\n\t\t\t\t\t<div class=\"elementor-column elementor-col-50 elementor-top-column elementor-element elementor-element-b2a9a32\" data-id=\"b2a9a32\" data-element_type=\"column\">\n\t\t\t<div class=\"elementor-widget-wrap elementor-element-populated\">\n\t\t\t\t\t\t\t\t<div class=\"elementor-element elementor-element-5e0858b elementor-align-center elementor-widget elementor-widget-button\" data-id=\"5e0858b\" data-element_type=\"widget\" data-widget_type=\"button.default\">\n\t\t\t\t<div class=\"elementor-widget-container\">\n\t\t\t\t\t<div class=\"elementor-button-wrapper\">\n\t\t\t<a class=\"elementor-button elementor-button-link elementor-size-sm elementor-animation-pulse-shrink\" href=\"https:\/\/deterreetdici.com\/index.php\/galerie\/\">\n\t\t\t\t\t\t<span class=\"elementor-button-content-wrapper\">\n\t\t\t\t\t\t<span class=\"elementor-button-text\">Illustrations<\/span>\n\t\t<\/span>\n\t\t\t\t\t<\/a>\n\t\t<\/div>\n\t\t\t\t<\/div>\n\t\t\t\t<\/div>\n\t\t\t\t\t<\/div>\n\t\t<\/div>\n\t\t\t\t<div class=\"elementor-column elementor-col-50 elementor-top-column elementor-element elementor-element-f04dd5c\" data-id=\"f04dd5c\" data-element_type=\"column\">\n\t\t\t<div class=\"elementor-widget-wrap\">\n\t\t\t\t\t\t\t\t\t<\/div>\n\t\t<\/div>\n\t\t\t\t\t\t\t<\/div>\n\t\t<\/section>\n\t\t\t\t<section class=\"elementor-section elementor-top-section elementor-element elementor-element-7b76a13 elementor-section-boxed elementor-section-height-default elementor-section-height-default\" data-id=\"7b76a13\" data-element_type=\"section\">\n\t\t\t\t\t\t<div class=\"elementor-container elementor-column-gap-default\">\n\t\t\t\t\t<div class=\"elementor-column elementor-col-100 elementor-top-column elementor-element elementor-element-d30a8ec\" data-id=\"d30a8ec\" data-element_type=\"column\">\n\t\t\t<div class=\"elementor-widget-wrap elementor-element-populated\">\n\t\t\t\t\t\t\t\t<div class=\"elementor-element elementor-element-39ab732 elementor-widget elementor-widget-spacer\" data-id=\"39ab732\" data-element_type=\"widget\" data-widget_type=\"spacer.default\">\n\t\t\t\t<div class=\"elementor-widget-container\">\n\t\t\t\t\t<div class=\"elementor-spacer\">\n\t\t\t<div class=\"elementor-spacer-inner\"><\/div>\n\t\t<\/div>\n\t\t\t\t<\/div>\n\t\t\t\t<\/div>\n\t\t\t\t\t<\/div>\n\t\t<\/div>\n\t\t\t\t\t\t\t<\/div>\n\t\t<\/section>\n\t\t\t\t\t\t\t<\/div>\n\t\t","protected":false},"excerpt":{"rendered":"<p>Du r\u00eave de gosse \u00e0 la r\u00e9alit\u00e9&#8230; \u00a0 \u00a0 Oui, un r\u00eave de gosse, n\u00e9 sur les bords de l\u2019Atlantique, pr\u00e8s de St Palais-sur-Mer\u2026\u00a0 \u00a0 \u00a0 \u00a0 \u00a0Un r\u00eave que j\u2019ai mis 30 ans \u00e0 r\u00e9aliser, apr\u00e8s des \u00e9tudes de droit, un travail de plusieurs ann\u00e9es dans une compagnie d\u2019assurances, et la naissance de mes &hellip;<\/p>\n<p class=\"read-more\"> <a class=\"\" href=\"https:\/\/deterreetdici.com\/index.php\/mon-parcours\/\"> <span class=\"screen-reader-text\">Mon parcours<\/span> Lire la suite\u00a0\u00bb<\/a><\/p>\n","protected":false},"author":1,"featured_media":0,"parent":0,"menu_order":0,"comment_status":"closed","ping_status":"closed","template":"","meta":{"footnotes":""},"class_list":["post-924","page","type-page","status-publish","hentry"],"_links":{"self":[{"href":"https:\/\/deterreetdici.com\/index.php\/wp-json\/wp\/v2\/pages\/924"}],"collection":[{"href":"https:\/\/deterreetdici.com\/index.php\/wp-json\/wp\/v2\/pages"}],"about":[{"href":"https:\/\/deterreetdici.com\/index.php\/wp-json\/wp\/v2\/types\/page"}],"author":[{"embeddable":true,"href":"https:\/\/deterreetdici.com\/index.php\/wp-json\/wp\/v2\/users\/1"}],"replies":[{"embeddable":true,"href":"https:\/\/deterreetdici.com\/index.php\/wp-json\/wp\/v2\/comments?post=924"}],"version-history":[{"count":74,"href":"https:\/\/deterreetdici.com\/index.php\/wp-json\/wp\/v2\/pages\/924\/revisions"}],"predecessor-version":[{"id":3176,"href":"https:\/\/deterreetdici.com\/index.php\/wp-json\/wp\/v2\/pages\/924\/revisions\/3176"}],"wp:attachment":[{"href":"https:\/\/deterreetdici.com\/index.php\/wp-json\/wp\/v2\/media?parent=924"}],"curies":[{"name":"wp","href":"https:\/\/api.w.org\/{rel}","templated":true}]}}