{"id":64,"date":"2017-12-13T08:37:41","date_gmt":"2017-12-13T08:37:41","guid":{"rendered":"https:\/\/websitedemos.net\/artist-02\/?page_id=9"},"modified":"2020-09-17T11:34:23","modified_gmt":"2020-09-17T09:34:23","slug":"home","status":"publish","type":"page","link":"https:\/\/deterreetdici.com\/","title":{"rendered":"Accueil"},"content":{"rendered":"\t\t<div data-elementor-type=\"wp-page\" data-elementor-id=\"64\" class=\"elementor elementor-64\">\n\t\t\t\t\t\t\t\t\t<section class=\"elementor-section elementor-top-section elementor-element elementor-element-44789b6 elementor-section-full_width elementor-section-height-default elementor-section-height-default\" data-id=\"44789b6\" data-element_type=\"section\" data-settings=\"{&quot;background_background&quot;:&quot;gradient&quot;}\">\n\t\t\t\t\t\t<div class=\"elementor-container elementor-column-gap-no\">\n\t\t\t\t\t<div class=\"elementor-column elementor-col-100 elementor-top-column elementor-element elementor-element-8f0bfa6\" data-id=\"8f0bfa6\" data-element_type=\"column\">\n\t\t\t<div class=\"elementor-widget-wrap elementor-element-populated\">\n\t\t\t\t\t\t\t\t<div class=\"elementor-element elementor-element-fdeb9ae elementor-widget elementor-widget-spacer\" data-id=\"fdeb9ae\" data-element_type=\"widget\" data-widget_type=\"spacer.default\">\n\t\t\t\t<div class=\"elementor-widget-container\">\n\t\t\t\t\t<div class=\"elementor-spacer\">\n\t\t\t<div class=\"elementor-spacer-inner\"><\/div>\n\t\t<\/div>\n\t\t\t\t<\/div>\n\t\t\t\t<\/div>\n\t\t\t\t<section class=\"elementor-section elementor-inner-section elementor-element elementor-element-65fd078 elementor-section-full_width elementor-section-content-middle elementor-section-height-default elementor-section-height-default\" data-id=\"65fd078\" data-element_type=\"section\">\n\t\t\t\t\t\t<div class=\"elementor-container elementor-column-gap-default\">\n\t\t\t\t\t<div class=\"elementor-column elementor-col-50 elementor-inner-column elementor-element elementor-element-d027e95\" data-id=\"d027e95\" data-element_type=\"column\" data-settings=\"{&quot;background_background&quot;:&quot;classic&quot;}\">\n\t\t\t<div class=\"elementor-widget-wrap elementor-element-populated\">\n\t\t\t\t\t<div class=\"elementor-background-overlay\"><\/div>\n\t\t\t\t\t\t\t\t<div class=\"elementor-element elementor-element-959f002 elementor-widget elementor-widget-spacer\" data-id=\"959f002\" data-element_type=\"widget\" data-widget_type=\"spacer.default\">\n\t\t\t\t<div class=\"elementor-widget-container\">\n\t\t\t\t\t<div class=\"elementor-spacer\">\n\t\t\t<div class=\"elementor-spacer-inner\"><\/div>\n\t\t<\/div>\n\t\t\t\t<\/div>\n\t\t\t\t<\/div>\n\t\t\t\t<div class=\"elementor-element elementor-element-36d2b53 elementor-widget elementor-widget-image\" data-id=\"36d2b53\" data-element_type=\"widget\" data-widget_type=\"image.default\">\n\t\t\t\t<div class=\"elementor-widget-container\">\n\t\t\t\t\t\t\t\t\t\t\t\t\t\t\t<img loading=\"lazy\" decoding=\"async\" width=\"768\" height=\"1024\" src=\"https:\/\/deterreetdici.com\/wp-content\/uploads\/2020\/03\/DET-007-Copie-Copie-Copie-2-768x1024.jpg\" class=\"attachment-medium_large size-medium_large wp-image-896\" alt=\"Cours de poterie. Atelier de poterie. c\u00e9ramiques artisanales. Atelier &quot;de terre et d&#039;ici&quot; Bouc Bel air. Aix-en-Provence\" srcset=\"https:\/\/deterreetdici.com\/wp-content\/uploads\/2020\/03\/DET-007-Copie-Copie-Copie-2-768x1024.jpg 768w, https:\/\/deterreetdici.com\/wp-content\/uploads\/2020\/03\/DET-007-Copie-Copie-Copie-2-225x300.jpg 225w, https:\/\/deterreetdici.com\/wp-content\/uploads\/2020\/03\/DET-007-Copie-Copie-Copie-2-1152x1536.jpg 1152w, https:\/\/deterreetdici.com\/wp-content\/uploads\/2020\/03\/DET-007-Copie-Copie-Copie-2-1536x2048.jpg 1536w, https:\/\/deterreetdici.com\/wp-content\/uploads\/2020\/03\/DET-007-Copie-Copie-Copie-2-scaled-e1584531662792.jpg 750w\" sizes=\"(max-width: 768px) 100vw, 768px\" \/>\t\t\t\t\t\t\t\t\t\t\t\t\t\t\t<\/div>\n\t\t\t\t<\/div>\n\t\t\t\t\t<\/div>\n\t\t<\/div>\n\t\t\t\t<div class=\"elementor-column elementor-col-50 elementor-inner-column elementor-element elementor-element-734a360\" data-id=\"734a360\" data-element_type=\"column\">\n\t\t\t<div class=\"elementor-widget-wrap elementor-element-populated\">\n\t\t\t\t\t\t\t\t<div class=\"elementor-element elementor-element-a73583f elementor-invisible elementor-widget elementor-widget-heading\" data-id=\"a73583f\" data-element_type=\"widget\" data-settings=\"{&quot;_animation&quot;:&quot;fadeInRight&quot;,&quot;_animation_delay&quot;:200}\" data-widget_type=\"heading.default\">\n\t\t\t\t<div class=\"elementor-widget-container\">\n\t\t\t<h1 class=\"elementor-heading-title elementor-size-xxl\">de Terre et d'ici<\/h1>\t\t<\/div>\n\t\t\t\t<\/div>\n\t\t\t\t<div class=\"elementor-element elementor-element-a7af1da elementor-widget elementor-widget-heading\" data-id=\"a7af1da\" data-element_type=\"widget\" data-widget_type=\"heading.default\">\n\t\t\t\t<div class=\"elementor-widget-container\">\n\t\t\t<h2 class=\"elementor-heading-title elementor-size-xl\">Bienvenue dans mon univers...<\/h2>\t\t<\/div>\n\t\t\t\t<\/div>\n\t\t\t\t<div class=\"elementor-element elementor-element-0b81ee4 elementor-widget elementor-widget-spacer\" data-id=\"0b81ee4\" data-element_type=\"widget\" data-widget_type=\"spacer.default\">\n\t\t\t\t<div class=\"elementor-widget-container\">\n\t\t\t\t\t<div class=\"elementor-spacer\">\n\t\t\t<div class=\"elementor-spacer-inner\"><\/div>\n\t\t<\/div>\n\t\t\t\t<\/div>\n\t\t\t\t<\/div>\n\t\t\t\t<div class=\"elementor-element elementor-element-0aa35aa elementor-widget elementor-widget-text-editor\" data-id=\"0aa35aa\" data-element_type=\"widget\" data-widget_type=\"text-editor.default\">\n\t\t\t\t<div class=\"elementor-widget-container\">\n\t\t\t\t\t\t\t<p>Je m&rsquo;appelle Val\u00e9rie, je suis artisan c\u00e9ramiste.\u00a0 Je vous souhaite la bienvenue dans mon univers fait de terre, d&rsquo;eau et de feu, ces trois \u00e9l\u00e9ments indissociables et indispensables \u00e0 l&rsquo;exercice de mon m\u00e9tier.<\/p><p>Je rajouterai bien d&rsquo;autres \u00e9l\u00e9ments : la passion, la patience, la t\u00e9nacit\u00e9, la joie, les surprises, les d\u00e9ceptions parfois, l&rsquo;envie, l&rsquo;\u00e9panouissement, l&rsquo;accomplissement&#8230;<\/p><p>Sans oublier les belles rencontres&#8230;<\/p><p>Vous l&rsquo;aurez compris, je suis une mordue de la Terre !<\/p>\t\t\t\t\t\t<\/div>\n\t\t\t\t<\/div>\n\t\t\t\t\t<\/div>\n\t\t<\/div>\n\t\t\t\t\t\t\t<\/div>\n\t\t<\/section>\n\t\t\t\t<div class=\"elementor-element elementor-element-0679e92 elementor-widget elementor-widget-spacer\" data-id=\"0679e92\" data-element_type=\"widget\" data-widget_type=\"spacer.default\">\n\t\t\t\t<div class=\"elementor-widget-container\">\n\t\t\t\t\t<div class=\"elementor-spacer\">\n\t\t\t<div class=\"elementor-spacer-inner\"><\/div>\n\t\t<\/div>\n\t\t\t\t<\/div>\n\t\t\t\t<\/div>\n\t\t\t\t<div class=\"elementor-element elementor-element-486f78d elementor-widget elementor-widget-text-editor\" data-id=\"486f78d\" data-element_type=\"widget\" data-widget_type=\"text-editor.default\">\n\t\t\t\t<div class=\"elementor-widget-container\">\n\t\t\t\t\t\t\t\t\t\t\t\t\t<\/div>\n\t\t\t\t<\/div>\n\t\t\t\t\t<\/div>\n\t\t<\/div>\n\t\t\t\t\t\t\t<\/div>\n\t\t<\/section>\n\t\t\t\t<section class=\"elementor-section elementor-top-section elementor-element elementor-element-a64e698 elementor-section-boxed elementor-section-height-default elementor-section-height-default\" data-id=\"a64e698\" data-element_type=\"section\">\n\t\t\t\t\t\t<div class=\"elementor-container elementor-column-gap-default\">\n\t\t\t\t\t<div class=\"elementor-column elementor-col-100 elementor-top-column elementor-element elementor-element-0d9f8da\" data-id=\"0d9f8da\" data-element_type=\"column\">\n\t\t\t<div class=\"elementor-widget-wrap elementor-element-populated\">\n\t\t\t\t\t\t\t\t<section class=\"elementor-section elementor-inner-section elementor-element elementor-element-f1d808b elementor-section-boxed elementor-section-height-default elementor-section-height-default\" data-id=\"f1d808b\" data-element_type=\"section\">\n\t\t\t\t\t\t<div class=\"elementor-container elementor-column-gap-default\">\n\t\t\t\t\t<div class=\"elementor-column elementor-col-50 elementor-inner-column elementor-element elementor-element-d2d3fe5\" data-id=\"d2d3fe5\" data-element_type=\"column\">\n\t\t\t<div class=\"elementor-widget-wrap elementor-element-populated\">\n\t\t\t\t\t\t\t\t<div class=\"elementor-element elementor-element-22e7087 elementor-invisible elementor-widget elementor-widget-text-editor\" data-id=\"22e7087\" data-element_type=\"widget\" data-settings=\"{&quot;_animation&quot;:&quot;fadeIn&quot;,&quot;_animation_delay&quot;:300}\" data-widget_type=\"text-editor.default\">\n\t\t\t\t<div class=\"elementor-widget-container\">\n\t\t\t\t\t\t\t<p><span style=\"color: #333333;\">Dans ce site,\u00a0 je vous ouvre toutes les portes de mon activit\u00e9 : mon parcours, mes cr\u00e9ations, les cours pour les enfants, les stages pendant les vacances, la magie du RAKU&#8230;\u00a0<\/span><\/p><p><span style=\"color: #333333;\">Prenez le temps de vous balader, et surtout n&rsquo;h\u00e9sitez pas \u00e0 me contacter, j&rsquo;aurai grand plaisir \u00e0 vous faire partager ma passion.<\/span><\/p><p><span style=\"color: #00aee8;\">\u00a0<\/span><\/p>\t\t\t\t\t\t<\/div>\n\t\t\t\t<\/div>\n\t\t\t\t\t<\/div>\n\t\t<\/div>\n\t\t\t\t<div class=\"elementor-column elementor-col-50 elementor-inner-column elementor-element elementor-element-761432a\" data-id=\"761432a\" data-element_type=\"column\">\n\t\t\t<div class=\"elementor-widget-wrap elementor-element-populated\">\n\t\t\t\t\t\t\t\t<div class=\"elementor-element elementor-element-1f30d04 elementor-widget elementor-widget-spacer\" data-id=\"1f30d04\" data-element_type=\"widget\" data-widget_type=\"spacer.default\">\n\t\t\t\t<div class=\"elementor-widget-container\">\n\t\t\t\t\t<div class=\"elementor-spacer\">\n\t\t\t<div class=\"elementor-spacer-inner\"><\/div>\n\t\t<\/div>\n\t\t\t\t<\/div>\n\t\t\t\t<\/div>\n\t\t\t\t<div class=\"elementor-element elementor-element-0f55863 gallery-spacing-custom elementor-widget elementor-widget-image-gallery\" data-id=\"0f55863\" data-element_type=\"widget\" data-widget_type=\"image-gallery.default\">\n\t\t\t\t<div class=\"elementor-widget-container\">\n\t\t\t\t\t<div class=\"elementor-image-gallery\">\n\t\t\t<div id='gallery-1' class='gallery galleryid-64 gallery-columns-5 gallery-size-medium_large'><figure class='gallery-item'>\n\t\t\t<div class='gallery-icon portrait'>\n\t\t\t\t<a data-elementor-open-lightbox=\"yes\" data-elementor-lightbox-slideshow=\"0f55863\" data-elementor-lightbox-description=\"Val\u00e9rie d&#039;Enfert. C\u00e9ramiques artisanales. Cours de poterie. Atelier de poterie &quot;de terre et d&#039;ici&quot; \u00e0 Bouc Bel air.\" data-e-action-hash=\"#elementor-action%3Aaction%3Dlightbox%26settings%3DeyJpZCI6ODg2LCJ1cmwiOiJodHRwczpcL1wvZGV0ZXJyZWV0ZGljaS5jb21cL3dwLWNvbnRlbnRcL3VwbG9hZHNcLzIwMjBcLzAzXC9ERVQtMDA0LUNvcGllLUNvcGllLTItc2NhbGVkLWUxNTg0NTI5NDMwOTg3LmpwZyIsInNsaWRlc2hvdyI6IjBmNTU4NjMifQ%3D%3D\" href='https:\/\/deterreetdici.com\/wp-content\/uploads\/2020\/03\/DET-004-Copie-Copie-2-scaled-e1584529430987.jpg'><img loading=\"lazy\" decoding=\"async\" width=\"768\" height=\"1157\" src=\"https:\/\/deterreetdici.com\/wp-content\/uploads\/2020\/03\/DET-004-Copie-Copie-2-768x1157.jpg\" class=\"attachment-medium_large size-medium_large\" alt=\"Cours de poterie. Atelier de poterie. c\u00e9ramiques artisanales. Atelier &quot;de terre et d&#039;ici&quot; Bouc Bel air. Aix-en-Provence\" srcset=\"https:\/\/deterreetdici.com\/wp-content\/uploads\/2020\/03\/DET-004-Copie-Copie-2-768x1157.jpg 768w, https:\/\/deterreetdici.com\/wp-content\/uploads\/2020\/03\/DET-004-Copie-Copie-2-199x300.jpg 199w, https:\/\/deterreetdici.com\/wp-content\/uploads\/2020\/03\/DET-004-Copie-Copie-2-680x1024.jpg 680w, https:\/\/deterreetdici.com\/wp-content\/uploads\/2020\/03\/DET-004-Copie-Copie-2-1020x1536.jpg 1020w, https:\/\/deterreetdici.com\/wp-content\/uploads\/2020\/03\/DET-004-Copie-Copie-2-1360x2048.jpg 1360w, https:\/\/deterreetdici.com\/wp-content\/uploads\/2020\/03\/DET-004-Copie-Copie-2-scaled-e1584529430987.jpg 664w\" sizes=\"(max-width: 768px) 100vw, 768px\" \/><\/a>\n\t\t\t<\/div><\/figure><figure class='gallery-item'>\n\t\t\t<div class='gallery-icon portrait'>\n\t\t\t\t<a data-elementor-open-lightbox=\"yes\" data-elementor-lightbox-slideshow=\"0f55863\" data-elementor-lightbox-description=\"Val\u00e9rie d&#039;Enfert. C\u00e9ramiques artisanales. Cours de poterie. Atelier de poterie &quot;de terre et d&#039;ici&quot; \u00e0 Bouc Bel air.\" data-e-action-hash=\"#elementor-action%3Aaction%3Dlightbox%26settings%3DeyJpZCI6MTIwOSwidXJsIjoiaHR0cHM6XC9cL2RldGVycmVldGRpY2kuY29tXC93cC1jb250ZW50XC91cGxvYWRzXC8yMDIwXC8wM1wvREVULTAwNS1Db3BpZS1Db3BpZS0yLTEtc2NhbGVkLWUxNTg1MjM4MTQ4NTUwLmpwZyIsInNsaWRlc2hvdyI6IjBmNTU4NjMifQ%3D%3D\" href='https:\/\/deterreetdici.com\/wp-content\/uploads\/2020\/03\/DET-005-Copie-Copie-2-1-scaled-e1585238148550.jpg'><img loading=\"lazy\" decoding=\"async\" width=\"768\" height=\"1156\" src=\"https:\/\/deterreetdici.com\/wp-content\/uploads\/2020\/03\/DET-005-Copie-Copie-2-1-768x1156.jpg\" class=\"attachment-medium_large size-medium_large\" alt=\"Cours de poterie. Atelier de poterie. c\u00e9ramiques artisanales. Atelier &quot;de terre et d&#039;ici&quot; Bouc Bel air. Aix-en-Provence\" srcset=\"https:\/\/deterreetdici.com\/wp-content\/uploads\/2020\/03\/DET-005-Copie-Copie-2-1-768x1156.jpg 768w, https:\/\/deterreetdici.com\/wp-content\/uploads\/2020\/03\/DET-005-Copie-Copie-2-1-199x300.jpg 199w, https:\/\/deterreetdici.com\/wp-content\/uploads\/2020\/03\/DET-005-Copie-Copie-2-1-680x1024.jpg 680w, https:\/\/deterreetdici.com\/wp-content\/uploads\/2020\/03\/DET-005-Copie-Copie-2-1-1020x1536.jpg 1020w, https:\/\/deterreetdici.com\/wp-content\/uploads\/2020\/03\/DET-005-Copie-Copie-2-1-1360x2048.jpg 1360w, https:\/\/deterreetdici.com\/wp-content\/uploads\/2020\/03\/DET-005-Copie-Copie-2-1-scaled-e1585238148550.jpg 664w\" sizes=\"(max-width: 768px) 100vw, 768px\" \/><\/a>\n\t\t\t<\/div><\/figure><figure class='gallery-item'>\n\t\t\t<div class='gallery-icon portrait'>\n\t\t\t\t<a data-elementor-open-lightbox=\"yes\" data-elementor-lightbox-slideshow=\"0f55863\" data-elementor-lightbox-description=\"Val\u00e9rie d&#039;Enfert. C\u00e9ramiques artisanales. Cours de poterie. Atelier de poterie &quot;de terre et d&#039;ici&quot; \u00e0 Bouc Bel air.\" data-e-action-hash=\"#elementor-action%3Aaction%3Dlightbox%26settings%3DeyJpZCI6NzE0LCJ1cmwiOiJodHRwczpcL1wvZGV0ZXJyZWV0ZGljaS5jb21cL3dwLWNvbnRlbnRcL3VwbG9hZHNcLzIwMjBcLzAzXC9ERVQtMDEzLUNvcGllLUNvcGllLXNjYWxlZC1lMTU4NDMwMjQxMzg5Mi5qcGciLCJzbGlkZXNob3ciOiIwZjU1ODYzIn0%3D\" href='https:\/\/deterreetdici.com\/wp-content\/uploads\/2020\/03\/DET-013-Copie-Copie-scaled-e1584302413892.jpg'><img loading=\"lazy\" decoding=\"async\" width=\"768\" height=\"1156\" src=\"https:\/\/deterreetdici.com\/wp-content\/uploads\/2020\/03\/DET-013-Copie-Copie-768x1156.jpg\" class=\"attachment-medium_large size-medium_large\" alt=\"Cours de poterie. Atelier de poterie. c\u00e9ramiques artisanales. Atelier &quot;de terre et d&#039;ici&quot; Bouc Bel air. Aix-en-Provence\" srcset=\"https:\/\/deterreetdici.com\/wp-content\/uploads\/2020\/03\/DET-013-Copie-Copie-768x1156.jpg 768w, https:\/\/deterreetdici.com\/wp-content\/uploads\/2020\/03\/DET-013-Copie-Copie-199x300.jpg 199w, https:\/\/deterreetdici.com\/wp-content\/uploads\/2020\/03\/DET-013-Copie-Copie-680x1024.jpg 680w, https:\/\/deterreetdici.com\/wp-content\/uploads\/2020\/03\/DET-013-Copie-Copie-1020x1536.jpg 1020w, https:\/\/deterreetdici.com\/wp-content\/uploads\/2020\/03\/DET-013-Copie-Copie-1360x2048.jpg 1360w, https:\/\/deterreetdici.com\/wp-content\/uploads\/2020\/03\/DET-013-Copie-Copie-600x903.jpg 600w, https:\/\/deterreetdici.com\/wp-content\/uploads\/2020\/03\/DET-013-Copie-Copie-scaled-e1584302413892.jpg 664w\" sizes=\"(max-width: 768px) 100vw, 768px\" \/><\/a>\n\t\t\t<\/div><\/figure><figure class='gallery-item'>\n\t\t\t<div class='gallery-icon portrait'>\n\t\t\t\t<a data-elementor-open-lightbox=\"yes\" data-elementor-lightbox-slideshow=\"0f55863\" data-elementor-lightbox-description=\"Val\u00e9rie d&#039;Enfert. C\u00e9ramiques artisanales. Cours de poterie. Atelier de poterie &quot;de terre et d&#039;ici&quot; \u00e0 Bouc Bel air.\" data-e-action-hash=\"#elementor-action%3Aaction%3Dlightbox%26settings%3DeyJpZCI6MTIxMCwidXJsIjoiaHR0cHM6XC9cL2RldGVycmVldGRpY2kuY29tXC93cC1jb250ZW50XC91cGxvYWRzXC8yMDIwXC8wM1wvREVULTAxMi1Db3BpZS1Db3BpZS1zY2FsZWQtZTE1ODUyMzgxODUzMjAuanBnIiwic2xpZGVzaG93IjoiMGY1NTg2MyJ9\" href='https:\/\/deterreetdici.com\/wp-content\/uploads\/2020\/03\/DET-012-Copie-Copie-scaled-e1585238185320.jpg'><img loading=\"lazy\" decoding=\"async\" width=\"768\" height=\"1156\" src=\"https:\/\/deterreetdici.com\/wp-content\/uploads\/2020\/03\/DET-012-Copie-Copie-768x1156.jpg\" class=\"attachment-medium_large size-medium_large\" alt=\"Cours de poterie. Atelier de poterie. c\u00e9ramiques artisanales. Atelier &quot;de terre et d&#039;ici&quot; Bouc Bel air. Aix-en-Provence\" srcset=\"https:\/\/deterreetdici.com\/wp-content\/uploads\/2020\/03\/DET-012-Copie-Copie-768x1156.jpg 768w, https:\/\/deterreetdici.com\/wp-content\/uploads\/2020\/03\/DET-012-Copie-Copie-199x300.jpg 199w, https:\/\/deterreetdici.com\/wp-content\/uploads\/2020\/03\/DET-012-Copie-Copie-680x1024.jpg 680w, https:\/\/deterreetdici.com\/wp-content\/uploads\/2020\/03\/DET-012-Copie-Copie-1020x1536.jpg 1020w, https:\/\/deterreetdici.com\/wp-content\/uploads\/2020\/03\/DET-012-Copie-Copie-1360x2048.jpg 1360w, https:\/\/deterreetdici.com\/wp-content\/uploads\/2020\/03\/DET-012-Copie-Copie-scaled-e1585238185320.jpg 664w\" sizes=\"(max-width: 768px) 100vw, 768px\" \/><\/a>\n\t\t\t<\/div><\/figure><figure class='gallery-item'>\n\t\t\t<div class='gallery-icon portrait'>\n\t\t\t\t<a data-elementor-open-lightbox=\"yes\" data-elementor-lightbox-slideshow=\"0f55863\" data-elementor-lightbox-description=\"Val\u00e9rie d&#039;Enfert. C\u00e9ramiques artisanales. Cours de poterie. Atelier de poterie &quot;de terre et d&#039;ici&quot; \u00e0 Bouc Bel air.\" data-e-action-hash=\"#elementor-action%3Aaction%3Dlightbox%26settings%3DeyJpZCI6NzE1LCJ1cmwiOiJodHRwczpcL1wvZGV0ZXJyZWV0ZGljaS5jb21cL3dwLWNvbnRlbnRcL3VwbG9hZHNcLzIwMjBcLzAzXC9ERVQtMDE5LUNvcGllLUNvcGllLXNjYWxlZC1lMTU4NDMwMjQ0NDI4My5qcGciLCJzbGlkZXNob3ciOiIwZjU1ODYzIn0%3D\" href='https:\/\/deterreetdici.com\/wp-content\/uploads\/2020\/03\/DET-019-Copie-Copie-scaled-e1584302444283.jpg'><img loading=\"lazy\" decoding=\"async\" width=\"768\" height=\"1156\" src=\"https:\/\/deterreetdici.com\/wp-content\/uploads\/2020\/03\/DET-019-Copie-Copie-768x1156.jpg\" class=\"attachment-medium_large size-medium_large\" alt=\"Cours de poterie. Atelier de poterie. c\u00e9ramiques artisanales. Atelier &quot;de terre et d&#039;ici&quot; Bouc Bel air. Aix-en-Provence\" srcset=\"https:\/\/deterreetdici.com\/wp-content\/uploads\/2020\/03\/DET-019-Copie-Copie-768x1156.jpg 768w, https:\/\/deterreetdici.com\/wp-content\/uploads\/2020\/03\/DET-019-Copie-Copie-199x300.jpg 199w, https:\/\/deterreetdici.com\/wp-content\/uploads\/2020\/03\/DET-019-Copie-Copie-680x1024.jpg 680w, https:\/\/deterreetdici.com\/wp-content\/uploads\/2020\/03\/DET-019-Copie-Copie-1020x1536.jpg 1020w, https:\/\/deterreetdici.com\/wp-content\/uploads\/2020\/03\/DET-019-Copie-Copie-1360x2048.jpg 1360w, https:\/\/deterreetdici.com\/wp-content\/uploads\/2020\/03\/DET-019-Copie-Copie-600x903.jpg 600w, https:\/\/deterreetdici.com\/wp-content\/uploads\/2020\/03\/DET-019-Copie-Copie-scaled-e1584302444283.jpg 664w\" sizes=\"(max-width: 768px) 100vw, 768px\" \/><\/a>\n\t\t\t<\/div><\/figure>\n\t\t<\/div>\n\t\t<\/div>\n\t\t\t\t<\/div>\n\t\t\t\t<\/div>\n\t\t\t\t\t<\/div>\n\t\t<\/div>\n\t\t\t\t\t\t\t<\/div>\n\t\t<\/section>\n\t\t\t\t\t<\/div>\n\t\t<\/div>\n\t\t\t\t\t\t\t<\/div>\n\t\t<\/section>\n\t\t\t\t\t\t\t<\/div>\n\t\t","protected":false},"excerpt":{"rendered":"<p>de Terre et d&rsquo;ici Bienvenue dans mon univers&#8230; Je m&rsquo;appelle Val\u00e9rie, je suis artisan c\u00e9ramiste.\u00a0 Je vous souhaite la bienvenue dans mon univers fait de terre, d&rsquo;eau et de feu, ces trois \u00e9l\u00e9ments indissociables et indispensables \u00e0 l&rsquo;exercice de mon m\u00e9tier. Je rajouterai bien d&rsquo;autres \u00e9l\u00e9ments : la passion, la patience, la t\u00e9nacit\u00e9, la joie, &hellip;<\/p>\n<p class=\"read-more\"> <a class=\"\" href=\"https:\/\/deterreetdici.com\/\"> <span class=\"screen-reader-text\">Accueil<\/span> Lire la suite\u00a0\u00bb<\/a><\/p>\n","protected":false},"author":1,"featured_media":0,"parent":0,"menu_order":0,"comment_status":"closed","ping_status":"closed","template":"","meta":{"footnotes":""},"class_list":["post-64","page","type-page","status-publish","hentry"],"_links":{"self":[{"href":"https:\/\/deterreetdici.com\/index.php\/wp-json\/wp\/v2\/pages\/64"}],"collection":[{"href":"https:\/\/deterreetdici.com\/index.php\/wp-json\/wp\/v2\/pages"}],"about":[{"href":"https:\/\/deterreetdici.com\/index.php\/wp-json\/wp\/v2\/types\/page"}],"author":[{"embeddable":true,"href":"https:\/\/deterreetdici.com\/index.php\/wp-json\/wp\/v2\/users\/1"}],"replies":[{"embeddable":true,"href":"https:\/\/deterreetdici.com\/index.php\/wp-json\/wp\/v2\/comments?post=64"}],"version-history":[{"count":53,"href":"https:\/\/deterreetdici.com\/index.php\/wp-json\/wp\/v2\/pages\/64\/revisions"}],"predecessor-version":[{"id":2142,"href":"https:\/\/deterreetdici.com\/index.php\/wp-json\/wp\/v2\/pages\/64\/revisions\/2142"}],"wp:attachment":[{"href":"https:\/\/deterreetdici.com\/index.php\/wp-json\/wp\/v2\/media?parent=64"}],"curies":[{"name":"wp","href":"https:\/\/api.w.org\/{rel}","templated":true}]}}