{"id":3,"date":"2020-03-13T11:52:17","date_gmt":"2020-03-13T10:52:17","guid":{"rendered":"http:\/\/deterreetdici.com\/?page_id=3"},"modified":"2020-06-07T20:26:47","modified_gmt":"2020-06-07T18:26:47","slug":"politique-de-confidentialite","status":"publish","type":"page","link":"https:\/\/deterreetdici.com\/index.php\/politique-de-confidentialite\/","title":{"rendered":"Politique de confidentialit\u00e9"},"content":{"rendered":"\t\t<div data-elementor-type=\"wp-page\" data-elementor-id=\"3\" class=\"elementor elementor-3\">\n\t\t\t\t\t\t\t\t\t<section class=\"elementor-section elementor-top-section elementor-element elementor-element-55614f96 elementor-section-boxed elementor-section-height-default elementor-section-height-default\" data-id=\"55614f96\" data-element_type=\"section\">\n\t\t\t\t\t\t<div class=\"elementor-container elementor-column-gap-default\">\n\t\t\t\t\t<div class=\"elementor-column elementor-col-100 elementor-top-column elementor-element elementor-element-377c94e5\" data-id=\"377c94e5\" data-element_type=\"column\">\n\t\t\t<div class=\"elementor-widget-wrap elementor-element-populated\">\n\t\t\t\t\t\t\t\t<div class=\"elementor-element elementor-element-1a3b4fe8 elementor-widget elementor-widget-text-editor\" data-id=\"1a3b4fe8\" data-element_type=\"widget\" data-widget_type=\"text-editor.default\">\n\t\t\t\t<div class=\"elementor-widget-container\">\n\t\t\t\t\t\t\t<p><!-- wp:heading --><\/p>\n<h6><strong><span style=\"color: #0bbcee; font-family: Tenor Sans, sans-serif;\"><span style=\"font-size: 28.2354px;\">Qui sommes-nous ?<\/span><\/span><\/strong><\/h6>\n<p><!-- \/wp:heading --><!-- wp:paragraph --><\/p>\n<p>L\u2019adresse de notre site Web est : https:\/\/deterreetdici.com.\u00a0 Il s&rsquo;agit d&rsquo;un site vitrine.<\/p>\n<p><!-- \/wp:paragraph --><!-- wp:heading --><\/p>\n<h4><strong><span style=\"color: #0bbcee;\">Utilisation des donn\u00e9es personnelles collect\u00e9es<\/span><\/strong><\/h4>\n<p>Les donn\u00e9es personnelles (nom pr\u00e9nom adresse t\u00e9l mail\u2026) communiqu\u00e9es par les visiteurs via le formulaire de contact sont utilis\u00e9es exclusivement pour la gestion administrative des cours et des stages de poterie organis\u00e9s par \u00ab\u00a0de terre et d\u2019ici\u00a0\u00bb.\u00a0<\/p>\n<p>Elles ne sont communiqu\u00e9es \u00e0 aucun tiers et sont d\u00e9truites au bout d&rsquo;un an.\u00a0 Pendant l&rsquo;ann\u00e9e scolaire, les adresses mails sont stock\u00e9es dans les contacts de la messagerie Yahoo de \u00ab\u00a0de terre et d&rsquo;ici\u00a0\u00bb qui ne pourrait en aucune fa\u00e7on \u00eatre tenu responsable d&rsquo;un \u00e9ventuel piratage de sa messagerie.<\/p>\n<p>Les visiteurs peuvent exercer leur droit de consultation, modification ou suppression de leurs donn\u00e9es en en faisant la demande \u00e9crite \u00e0 \u00ab\u00a0de terre et d\u2019ici\u00a0\u00bb.<\/p>\n<p><!-- \/wp:heading --><!-- wp:heading {\"level\":3} --><\/p>\n<p><!-- \/wp:paragraph --><!-- wp:heading {\"level\":3} --><\/p>\n<p><!-- \/wp:paragraph --><!-- wp:heading {\"level\":3} --><\/p>\n<p><!-- \/wp:heading --><!-- wp:heading {\"level\":3} --><\/p>\n<h4><strong><span style=\"color: #0bbcee;\">Cookies<\/span><\/strong><\/h4>\n<p>Les traces de connexion et de consultation du site par les visiteurs sont conserv\u00e9es pendant une semaine. Cela permet \u00e0\u00a0 Google Analytics\u00a0 d&rsquo;\u00e9tablir des statistiques sur la visibilit\u00e9 du site sur le web.<\/p>\n<p><!-- \/wp:heading --><!-- wp:paragraph --><\/p>\n<p><!-- \/wp:paragraph --><!-- wp:paragraph --><\/p>\n<p><!-- \/wp:paragraph --><!-- wp:heading {\"level\":3} --><\/p>\n<p><!-- \/wp:paragraph --><!-- wp:heading {\"level\":3} --><\/p>\n<p><!-- \/wp:heading --><!-- wp:heading --><\/p>\n<p><!-- \/wp:heading --><!-- wp:paragraph --><\/p>\n<p><!-- \/wp:paragraph --><!-- wp:paragraph --><\/p>\n<p><!-- \/wp:paragraph --><!-- wp:heading --><\/p>\n<p><!-- \/wp:heading --><!-- wp:heading {\"level\":3} --><\/p>\n<p><!-- \/wp:heading --><\/p>\t\t\t\t\t\t<\/div>\n\t\t\t\t<\/div>\n\t\t\t\t\t<\/div>\n\t\t<\/div>\n\t\t\t\t\t\t\t<\/div>\n\t\t<\/section>\n\t\t\t\t\t\t\t<\/div>\n\t\t","protected":false},"excerpt":{"rendered":"<p>Qui sommes-nous ? L\u2019adresse de notre site Web est : https:\/\/deterreetdici.com.\u00a0 Il s&rsquo;agit d&rsquo;un site vitrine. Utilisation des donn\u00e9es personnelles collect\u00e9es Les donn\u00e9es personnelles (nom pr\u00e9nom adresse t\u00e9l mail\u2026) communiqu\u00e9es par les visiteurs via le formulaire de contact sont utilis\u00e9es exclusivement pour la gestion administrative des cours et des stages de poterie organis\u00e9s par \u00ab\u00a0de &hellip;<\/p>\n<p class=\"read-more\"> <a class=\"\" href=\"https:\/\/deterreetdici.com\/index.php\/politique-de-confidentialite\/\"> <span class=\"screen-reader-text\">Politique de confidentialit\u00e9<\/span> Lire la suite\u00a0\u00bb<\/a><\/p>\n","protected":false},"author":1,"featured_media":0,"parent":0,"menu_order":0,"comment_status":"closed","ping_status":"open","template":"","meta":{"footnotes":""},"class_list":["post-3","page","type-page","status-publish","hentry"],"_links":{"self":[{"href":"https:\/\/deterreetdici.com\/index.php\/wp-json\/wp\/v2\/pages\/3"}],"collection":[{"href":"https:\/\/deterreetdici.com\/index.php\/wp-json\/wp\/v2\/pages"}],"about":[{"href":"https:\/\/deterreetdici.com\/index.php\/wp-json\/wp\/v2\/types\/page"}],"author":[{"embeddable":true,"href":"https:\/\/deterreetdici.com\/index.php\/wp-json\/wp\/v2\/users\/1"}],"replies":[{"embeddable":true,"href":"https:\/\/deterreetdici.com\/index.php\/wp-json\/wp\/v2\/comments?post=3"}],"version-history":[{"count":7,"href":"https:\/\/deterreetdici.com\/index.php\/wp-json\/wp\/v2\/pages\/3\/revisions"}],"predecessor-version":[{"id":2080,"href":"https:\/\/deterreetdici.com\/index.php\/wp-json\/wp\/v2\/pages\/3\/revisions\/2080"}],"wp:attachment":[{"href":"https:\/\/deterreetdici.com\/index.php\/wp-json\/wp\/v2\/media?parent=3"}],"curies":[{"name":"wp","href":"https:\/\/api.w.org\/{rel}","templated":true}]}}